{"id":84,"date":"2009-04-06T21:27:20","date_gmt":"2009-04-06T20:27:20","guid":{"rendered":"http:\/\/www.hav-hamburg.de\/?page_id=84"},"modified":"2022-07-28T16:09:03","modified_gmt":"2022-07-28T15:09:03","slug":"impressum","status":"publish","type":"page","link":"https:\/\/www.hav-hamburg.de\/?page_id=84","title":{"rendered":"Impressum"},"content":{"rendered":"<p><strong>Anschrift:<\/strong><br \/>\nHamburger Apothekerverein e.V.<br \/>\nAlte Rabenstra\u00dfe 11 a<br \/>\n20148 Hamburg<\/p>\n<p>Telefon (040) 44 80 48 21<br \/>\nTelefax (040) 44 38 68<\/p>\n<p>Mail:  <a href=\"mailto:info@hav-hamburg.de\">info[at]hav-hamburg.de<\/a><br \/>\nWeb: <a href=\"http:\/\/www.hav-hamburg.de\/\">www.hav-hamburg.de<\/a><\/p>\n<p><strong>Gesch\u00e4ftsf\u00fchrer:<\/strong><br \/>\nGeorg Zwenke<\/p>\n<p><strong>Verantwortlich i.S.d. \u00a7 6 MDStV und \u00a7 6 TDG:<\/strong><br \/>\nHamburger Apothekerverein e.V.<\/p>\n<p><strong>Vorsitzender:<\/strong><br \/>\nDr. J\u00f6rn Graue<\/p>\n<p><strong>1. Stellvertreter:<\/strong><br \/>\nKatrin Hensen<\/p>\n<p><strong>2. Stellvertreter:<\/strong><br \/>\nSven Villnow<\/p>\n<p><strong>Vereinsregister:<\/strong><br \/>\nAmtsgericht Hamburg<\/p>\n<p><strong>Registernummer:<\/strong><br \/>\nVR 3038<\/p>\n<p><strong>Screendesign (2010), Technische Betreuung:<\/strong><br \/>\nDigital Solutionz<\/p>\n<p><strong>Fotos:<\/strong><br \/>\n<a target=\"_blank\" href=\"http:\/\/www.hamburg-tourismus.de\" rel=\"noopener noreferrer\">Hamburg Tourismus GmbH<\/a><\/p>\n<p><strong>Rechtshinweise:<\/strong><br \/>\nAlle in unseren Internetseiten enthaltenen Angaben und Informationen wurden sorgf\u00e4ltig recherchiert und gepr\u00fcft. Alle Informationen dienen ausschlie\u00dflich der Information der Besucher des Online-Angebotes. F\u00fcr Richtigkeit, Vollst\u00e4ndigkeit und Aktualit\u00e4t wird keine Haftung \u00fcbernommen.<\/p>\n<p><strong>Datenschutz:<\/strong><br \/>\nSofern innerhalb des Internetangebotes die M\u00f6glichkeit zur Eingabe pers\u00f6nlicher oder gesch\u00e4ftlicher Daten (Emailadressen, Namen, Anschriften) besteht, so erfolgt die Preisgabe dieser Daten seitens des Nutzers auf ausdr\u00fccklich freiwilliger Basis. Die Inanspruchnahme und Bezahlung aller angebotenen Dienste ist &#8211; soweit technisch m\u00f6glich und zumutbar &#8211; auch ohne Angabe solcher Daten bzw. unter Angabe anonymisierter Daten oder eines Pseudonyms gestattet. Die Nutzung der im Rahmen des Impressums oder vergleichbarer Angaben ver\u00f6ffentlichten Kontaktdaten wie Postanschriften, Telefon- und Faxnummern sowie Emailadressen durch Dritte zur \u00dcbersendung von nicht ausdr\u00fccklich angeforderten Informationen ist nicht gestattet. Rechtliche Schritte gegen die Versender von sogenannten Spam-Mails bei Verst\u00f6ssen gegen dieses Verbot sind ausdr\u00fccklich vorbehalten.<\/p>\n<p><strong>Urheberrechte:<\/strong><br \/>\nAlle Rechte vorbehalten. Der Inhalt dieser Webseite darf nicht zu kommerziellen Zwecken ver\u00e4ndert, verbreitet, kopiert oder Dritten zug\u00e4nglich gemacht werden. Weiterhin k\u00f6nnen Bilder, Grafiken, Text, Animationen oder sonstige Dateien ganz oder teilweise dem Urheberrecht Dritter unterliegen.<\/p>\n<p><strong>Registrierung der Zugriffe:<\/strong><br \/>\nAlle Zugriffe auf diesen Server werden registriert. Es werden Datum, Rechneradresse und gelesenes Dokument gespeichert. Diese Daten werden f\u00fcr statistische Zwecke ausgewertet und gegebenenfalls anonymisiert ver\u00f6ffentlicht. Mit der Benutzung dieses Servers erkl\u00e4ren Sie sich hiermit einverstanden. Sollten Sie mit dieser Vorgehensweise nicht einverstanden sein, so steht es Ihnen frei, diesen Server nicht zu benutzen.<\/p>\n","protected":false},"excerpt":{"rendered":"<p>Anschrift: Hamburger Apothekerverein e.V. Alte Rabenstra\u00dfe 11 a 20148 Hamburg Telefon (040) 44 80 48 21 Telefax (040) 44 38 68 Mail: info[at]hav-hamburg.de Web: www.hav-hamburg.de Gesch\u00e4ftsf\u00fchrer: Georg Zwenke Verantwortlich i.S.d. \u00a7 6 MDStV und \u00a7 6 TDG: Hamburger Apothekerverein e.V. Vorsitzender: Dr. J\u00f6rn Graue 1. Stellvertreter: Katrin Hensen 2. Stellvertreter: Sven Villnow Vereinsregister: Amtsgericht Hamburg [&hellip;]<\/p>\n","protected":false},"author":1,"featured_media":0,"parent":0,"menu_order":23,"comment_status":"closed","ping_status":"closed","template":"","meta":{"_links_to":"","_links_to_target":""},"_links":{"self":[{"href":"https:\/\/www.hav-hamburg.de\/index.php?rest_route=\/wp\/v2\/pages\/84"}],"collection":[{"href":"https:\/\/www.hav-hamburg.de\/index.php?rest_route=\/wp\/v2\/pages"}],"about":[{"href":"https:\/\/www.hav-hamburg.de\/index.php?rest_route=\/wp\/v2\/types\/page"}],"author":[{"embeddable":true,"href":"https:\/\/www.hav-hamburg.de\/index.php?rest_route=\/wp\/v2\/users\/1"}],"replies":[{"embeddable":true,"href":"https:\/\/www.hav-hamburg.de\/index.php?rest_route=%2Fwp%2Fv2%2Fcomments&post=84"}],"version-history":[{"count":26,"href":"https:\/\/www.hav-hamburg.de\/index.php?rest_route=\/wp\/v2\/pages\/84\/revisions"}],"predecessor-version":[{"id":6944,"href":"https:\/\/www.hav-hamburg.de\/index.php?rest_route=\/wp\/v2\/pages\/84\/revisions\/6944"}],"wp:attachment":[{"href":"https:\/\/www.hav-hamburg.de\/index.php?rest_route=%2Fwp%2Fv2%2Fmedia&parent=84"}],"curies":[{"name":"wp","href":"https:\/\/api.w.org\/{rel}","templated":true}]}}