{"id":66,"date":"2009-03-22T12:45:06","date_gmt":"2009-03-22T11:45:06","guid":{"rendered":"http:\/\/www.hav-hamburg.de\/?page_id=66"},"modified":"2024-02-05T10:37:03","modified_gmt":"2024-02-05T09:37:03","slug":"verein","status":"publish","type":"page","link":"https:\/\/www.hav-hamburg.de\/?page_id=66","title":{"rendered":"Verein"},"content":{"rendered":"<h2><strong>Hamburger Apothekerverein e.V.<br \/>\n-Verband der Apothekenleiter in der Freien und Hansestadt Hamburg<\/strong><\/h2>\n<p><strong>Der Hamburger Apothekerverein e.V. hat satzungsgem\u00e4\u00df folgende Kommissionen:<\/strong><\/p>\n<ul>\n<li>Krankenkassenkommission<\/li>\n<li>Tarifkommission<\/li>\n<li>Werbekommission<\/li>\n<\/ul>\n<p>Rechnungs- und Kassenpr\u00fcfer<\/p>\n<p>Der Verein hat zur Zeit 355 Mitglieder.<br \/>\nDer Verein hat sechs Mitarbeiter.<\/p>\n<p><strong>Der Hamburger Apothekerverein e.V. unter anderem vertreten:<\/strong><\/p>\n<ul>\n<li>im Vorstand des Deutschen Apothekerverbandes<\/li>\n<li>im Gesamtvorstand der ABDA<\/li>\n<li>im Vertragsausschu\u00df des DAV<\/li>\n<li>im Vorstand der Stiftung &#8222;Deutsches Apothekenmuseum&#8220;<\/li>\n<li>im Vorstand des Norddeutschen Apothekenrechenzentrums<\/li>\n<li>im Verwaltungsrat des Norddeutschen Apothekenrechenzentrums<\/li>\n<\/ul>\n<h2><strong>Selbstverst\u00e4ndnis<\/strong><\/h2>\n<p><strong>Die satzungsgem\u00e4\u00dfen Aufgaben:<\/strong><\/p>\n<ul>\n<li>Der Verein f\u00f6rdert und unterst\u00fctzt Einrichtungen des Apothekerstandes, insbesondere durch seine Mitgliedschaft und Mitarbeit im Deutschen Apothekerverband e.V.<\/li>\n<li>Der Verein betreibt und f\u00f6rdert die berufspolitische \u00d6ffentlichkeitsarbeit und Information<\/li>\n<li>Der Verein ist Partner f\u00fcr Arzneilieferungsvertr\u00e4ge und tr\u00e4gt daf\u00fcr Sorge, da\u00df die Durchf\u00fchrung des Abrechungsverkehrs seiner Mitglieder mit den Tr\u00e4gern der Krankenversicherung in geeigneter Weise sichergestellt wird.<\/li>\n<li>Der Verein f\u00fchrt Gemeinschaftswerbung f\u00fcr seine Mitglieder durch.<\/li>\n<li>Der Verein ist unmittelbar und mittelbar als Mitglied der Apothekenleiterorganisation auf Bundesebene Tarifpartner der jeweiligen Vertretung der Angestellten in \u00f6ffentlichen Apotheken. Jedem Vereinsmitglied ist es freigestellt, gegen\u00fcber dem Vorstand des Hamburger Apothekervereins anzuzeigen, da\u00df eine Vertretung in tarifrechtlichen Angelegenheiten ausgeschlossen ist. Der Verein vertritt deshalb nur diejenigen Apothekenleiter, die im Hinblick auf die Tarifvertretung von dem Ausschlu\u00dfrecht keinen Gebrauch gemacht haben.<\/li>\n<\/ul>\n<p><strong>Wahrung und F\u00f6rderung der gemeinsamen Interessen:<\/strong><\/p>\n<ul>\n<li>Der Hamburger Apothekerverein e.V. verfa\u00dft im Zusammenwirken mit der Apothekerkammer Hamburg Stellungnahmen zu aktuellen berufspolitischen Initiativen des Gesetzgebers.<\/li>\n<li>Der Hamburger Apothekerverein e.V. f\u00fchrt im Rahmen seiner satzungsgem\u00e4\u00dfen Aufgaben zur Fortbildung Vortragsveranstaltungen und Seminare durch.<\/li>\n<li>Der Hamburger Apothekerverein e.V. ber\u00e4t im Zusammenwirken mit dem Justitiar des HAV bei Apothekenverkauf und Verpachtung, in arbeitsrechtlichen und steuerrechtlichen Fragen.<\/li>\n<li>Der Hamburger Apothekerverein e.V. stellt Hilfsmittel f\u00fcr den Apothekenbetrieb zur Verf\u00fcgung (Vordrucke, Abrechnungsunterlagen, Brosch\u00fcren zur Gesundheit u.a.)<\/li>\n<\/ul>\n","protected":false},"excerpt":{"rendered":"<p>Hamburger Apothekerverein e.V. -Verband der Apothekenleiter in der Freien und Hansestadt Hamburg Der Hamburger Apothekerverein e.V. hat satzungsgem\u00e4\u00df folgende Kommissionen: Krankenkassenkommission Tarifkommission Werbekommission Rechnungs- und Kassenpr\u00fcfer Der Verein hat zur Zeit 355 Mitglieder. Der Verein hat sechs Mitarbeiter. Der Hamburger Apothekerverein e.V. unter anderem vertreten: im Vorstand des Deutschen Apothekerverbandes im Gesamtvorstand der ABDA im [&hellip;]<\/p>\n","protected":false},"author":1,"featured_media":0,"parent":0,"menu_order":17,"comment_status":"closed","ping_status":"closed","template":"","meta":{"_links_to":"","_links_to_target":""},"_links":{"self":[{"href":"https:\/\/www.hav-hamburg.de\/index.php?rest_route=\/wp\/v2\/pages\/66"}],"collection":[{"href":"https:\/\/www.hav-hamburg.de\/index.php?rest_route=\/wp\/v2\/pages"}],"about":[{"href":"https:\/\/www.hav-hamburg.de\/index.php?rest_route=\/wp\/v2\/types\/page"}],"author":[{"embeddable":true,"href":"https:\/\/www.hav-hamburg.de\/index.php?rest_route=\/wp\/v2\/users\/1"}],"replies":[{"embeddable":true,"href":"https:\/\/www.hav-hamburg.de\/index.php?rest_route=%2Fwp%2Fv2%2Fcomments&post=66"}],"version-history":[{"count":29,"href":"https:\/\/www.hav-hamburg.de\/index.php?rest_route=\/wp\/v2\/pages\/66\/revisions"}],"predecessor-version":[{"id":8011,"href":"https:\/\/www.hav-hamburg.de\/index.php?rest_route=\/wp\/v2\/pages\/66\/revisions\/8011"}],"wp:attachment":[{"href":"https:\/\/www.hav-hamburg.de\/index.php?rest_route=%2Fwp%2Fv2%2Fmedia&parent=66"}],"curies":[{"name":"wp","href":"https:\/\/api.w.org\/{rel}","templated":true}]}}