{"id":138,"date":"2009-04-08T08:04:03","date_gmt":"2009-04-08T07:04:03","guid":{"rendered":"http:\/\/www.hav-hamburg.de\/?page_id=138"},"modified":"2014-01-31T09:48:45","modified_gmt":"2014-01-31T08:48:45","slug":"herzlich-willkommen","status":"publish","type":"page","link":"https:\/\/www.hav-hamburg.de\/","title":{"rendered":"Home"},"content":{"rendered":"<h1>Herzlich Willkommen<\/h1>\n<p style=\"text-align: center;\">&#8230;auf den Internet-Seiten<br \/>\ndes Hamburger Apothekervereins e.V.<br \/>\nVerband der Apothekenleiter in der Freien und Hansestadt Hamburg<\/p>\n<p style=\"text-align: center;\"><img decoding=\"async\" loading=\"lazy\" class=\"size-medium wp-image-139 alignnone\" title=\"haus\" src=\"https:\/\/www.hav-hamburg.de\/wp-content\/uploads\/2009\/04\/haus-196x300.jpg\" alt=\"haus\" height=\"300\" width=\"196\" srcset=\"https:\/\/www.hav-hamburg.de\/wp-content\/uploads\/2009\/04\/haus-196x300.jpg 196w, https:\/\/www.hav-hamburg.de\/wp-content\/uploads\/2009\/04\/haus.jpg 238w\" sizes=\"(max-width: 196px) 100vw, 196px\" \/><\/p>\n<p style=\"text-align: justify;\">Wir m\u00f6chten Ihnen mit diesem interaktiven Angebot unsere Vereinsziele, Organisationsstruktur, Aufgaben und Dienstleistungen n\u00e4her bringen. Es soll aber auch ein Forum f\u00fcr den schnellen Informations- und Gedankenaustausch schaffen und den Dialog unter den Mitgliedern vertiefen (geschlossener Bereich &#8222;Mitglieder&#8220;).<\/p>\n<p style=\"text-align: justify;\">Auf unserer Homepage finden Sie aktuelle Informationen.<\/p>\n","protected":false},"excerpt":{"rendered":"<p>Herzlich Willkommen &#8230;auf den Internet-Seiten des Hamburger Apothekervereins e.V. Verband der Apothekenleiter in der Freien und Hansestadt Hamburg Wir m\u00f6chten Ihnen mit diesem interaktiven Angebot unsere Vereinsziele, Organisationsstruktur, Aufgaben und Dienstleistungen n\u00e4her bringen. Es soll aber auch ein Forum f\u00fcr den schnellen Informations- und Gedankenaustausch schaffen und den Dialog unter den Mitgliedern vertiefen (geschlossener Bereich [&hellip;]<\/p>\n","protected":false},"author":1,"featured_media":0,"parent":0,"menu_order":14,"comment_status":"closed","ping_status":"closed","template":"","meta":{"_links_to":"","_links_to_target":""},"_links":{"self":[{"href":"https:\/\/www.hav-hamburg.de\/index.php?rest_route=\/wp\/v2\/pages\/138"}],"collection":[{"href":"https:\/\/www.hav-hamburg.de\/index.php?rest_route=\/wp\/v2\/pages"}],"about":[{"href":"https:\/\/www.hav-hamburg.de\/index.php?rest_route=\/wp\/v2\/types\/page"}],"author":[{"embeddable":true,"href":"https:\/\/www.hav-hamburg.de\/index.php?rest_route=\/wp\/v2\/users\/1"}],"replies":[{"embeddable":true,"href":"https:\/\/www.hav-hamburg.de\/index.php?rest_route=%2Fwp%2Fv2%2Fcomments&post=138"}],"version-history":[{"count":13,"href":"https:\/\/www.hav-hamburg.de\/index.php?rest_route=\/wp\/v2\/pages\/138\/revisions"}],"predecessor-version":[{"id":1501,"href":"https:\/\/www.hav-hamburg.de\/index.php?rest_route=\/wp\/v2\/pages\/138\/revisions\/1501"}],"wp:attachment":[{"href":"https:\/\/www.hav-hamburg.de\/index.php?rest_route=%2Fwp%2Fv2%2Fmedia&parent=138"}],"curies":[{"name":"wp","href":"https:\/\/api.w.org\/{rel}","templated":true}]}}